{"id":495,"date":"2026-04-09T14:48:53","date_gmt":"2026-04-09T17:48:53","guid":{"rendered":"https:\/\/portal.jpproviders.com.br\/?page_id=495"},"modified":"2026-04-09T16:34:47","modified_gmt":"2026-04-09T19:34:47","slug":"nossa-historia","status":"publish","type":"page","link":"https:\/\/portal.jpproviders.com.br\/index.php\/nossa-historia\/","title":{"rendered":"Nossa Hist\u00f3ria"},"content":{"rendered":"\t\t<div data-elementor-type=\"wp-page\" data-elementor-id=\"495\" class=\"elementor elementor-495\" data-elementor-post-type=\"page\">\n\t\t\t\t<div class=\"elementor-element elementor-element-01006dc e-flex e-con-boxed e-con e-parent\" data-id=\"01006dc\" data-element_type=\"container\" data-e-type=\"container\" data-settings=\"{&quot;background_background&quot;:&quot;classic&quot;}\">\n\t\t\t\t\t<div class=\"e-con-inner\">\n\t\t\t\t<div class=\"elementor-element elementor-element-713ad19 elementor-widget elementor-widget-heading\" data-id=\"713ad19\" data-element_type=\"widget\" data-e-type=\"widget\" data-widget_type=\"heading.default\">\n\t\t\t\t<div class=\"elementor-widget-container\">\n\t\t\t\t\t<h1 class=\"elementor-heading-title elementor-size-default\">Nossa Hist\u00f3ria<\/h1>\t\t\t\t<\/div>\n\t\t\t\t<\/div>\n\t\t\t\t\t<\/div>\n\t\t\t\t<\/div>\n\t\t<div class=\"elementor-element elementor-element-b7a4380 e-grid e-con-boxed e-con e-parent\" data-id=\"b7a4380\" data-element_type=\"container\" data-e-type=\"container\" data-settings=\"{&quot;background_background&quot;:&quot;classic&quot;}\">\n\t\t\t\t\t<div class=\"e-con-inner\">\n\t\t\t\t<div class=\"elementor-element elementor-element-6a20101 elementor-widget elementor-widget-text-editor\" data-id=\"6a20101\" data-element_type=\"widget\" data-e-type=\"widget\" data-widget_type=\"text-editor.default\">\n\t\t\t\t<div class=\"elementor-widget-container\">\n\t\t\t\t\t\t\t\t\t<h5 style=\"color: #ffd800;\"><strong>16 anos apaixonados pela Zona Leste<\/strong><\/h5>\nA <b>JP Providers<\/b> \u00e9 especializada em Internet Ultra Banda Larga na Zona Leste de S\u00e3o Paulo. Desde 2009, a JP \u00e9 100% voltada para atendimento ZL e foi a pioneira a fornecer acesso fibra \u00f3ptica com pre\u00e7o popular para milhares de moradores nos bairros da regi\u00e3o, entre domic\u00edlios, condom\u00ednios, escrit\u00f3rios, escolas, lojistas e f\u00e1bricas.\nAtualmente, temos 180 funcion\u00e1rios colaboradores que contribuem para o crescimento da JP e estamos com 30Mil assinantes satisfeitos.\n\n<b>CNPJ. 11.397.151\/0001-41<br>\nOutorga SCM Anatel: 6.565\/2010<\/b>\n<h5 style=\"color: #ffd800;\"><strong>Empregos e Promovendo neg\u00f3cios para a regi\u00e3o<\/strong><\/h5>\nA <strong>JP Providers<\/strong> gera hoje mais de 120 empregos para fam\u00edlias da Zona Leste. Buscamos talentos que tenham carinho e respeito pelos moradores e neg\u00f3cios da nossa regi\u00e3o. Levamos internet de \u00faltima gera\u00e7\u00e3o para diversos estabelecimentos locais e trabalhamos s\u00e9rio para que nosso servi\u00e7o ajude nossos parceiros a ampliarem suas atividades.\t\t\t\t\t\t\t\t<\/div>\n\t\t\t\t<\/div>\n\t\t\t\t\t\t\t\n\t\t<img class=\"e-image-base e-c4be171-3d1fb4f\" \n\t\t\t\t\tdata-interaction-id=\"c4be171\" \n\t\t \n\t\t \n\t\t\t\t\t\t\t\t\tid=\"540\"\n\t\t\t\t\t\t\t\t\t\t\t\tsrc=\"https:\/\/portal.jpproviders.com.br\/wp-content\/uploads\/2026\/04\/foto-engenheiro-jp-4a.png\"\n\t\t\t\t\t\t\t\t\t\t\t\twidth=\"600\"\n\t\t\t\t\t\t\t\t\t\t\t\theight=\"416\"\n\t\t\t\t\t\t\t\t\t\t\t\tsrcset=\"https:\/\/portal.jpproviders.com.br\/wp-content\/uploads\/2026\/04\/foto-engenheiro-jp-4a.png 600w, https:\/\/portal.jpproviders.com.br\/wp-content\/uploads\/2026\/04\/foto-engenheiro-jp-4a-300x208.png 300w, https:\/\/portal.jpproviders.com.br\/wp-content\/uploads\/2026\/04\/foto-engenheiro-jp-4a-500x347.png 500w\"\n\t\t\t\t\t\t\t\t\t\t\t\talt=\"\"\n\t\t\t\t\t\t\/>\n\t\t\t\t\t\t<\/div>\n\t\t\t\t<\/div>\n\t\t<div class=\"elementor-element elementor-element-8965bbd e-flex e-con-boxed e-con e-parent\" data-id=\"8965bbd\" data-element_type=\"container\" data-e-type=\"container\" data-settings=\"{&quot;background_background&quot;:&quot;classic&quot;}\">\n\t\t\t\t\t<div class=\"e-con-inner\">\n\t\t<div class=\"elementor-element elementor-element-980e22e e-con-full e-flex e-con e-child\" data-id=\"980e22e\" data-element_type=\"container\" data-e-type=\"container\">\n\t\t\t\t\t\t\t<h2 \n\t\tdata-interaction-id=\"b25fa9e\" \n\t\tclass=\"e-b25fa9e-6ad23c7 e-heading-base\" \n\t\t \n\t\t\n\t>\n\t\n\t\t\tMiss\u00e3o\n\t\t<\/h2>\n\t\t\t\t<div class=\"elementor-element elementor-element-f308051 elementor-widget elementor-widget-text-editor\" data-id=\"f308051\" data-element_type=\"widget\" data-e-type=\"widget\" data-widget_type=\"text-editor.default\">\n\t\t\t\t<div class=\"elementor-widget-container\">\n\t\t\t\t\t\t\t\t\t<p>Trazer a melhor conex\u00e3o de Internet, TV e Telefone para as fam\u00edlias da Zona Leste com atendimento humano e cordial, pre\u00e7os justos e respeito comunit\u00e1rio.<\/p>\t\t\t\t\t\t\t\t<\/div>\n\t\t\t\t<\/div>\n\t\t\t\t<\/div>\n\t\t<div class=\"elementor-element elementor-element-edc1b7c e-con-full e-flex e-con e-child\" data-id=\"edc1b7c\" data-element_type=\"container\" data-e-type=\"container\">\n\t\t\t\t\t\t\t<h2 \n\t\tdata-interaction-id=\"bd52fd0\" \n\t\tclass=\"e-bd52fd0-8cceb68 e-heading-base\" \n\t\t \n\t\t\n\t>\n\t\n\t\t\tVis\u00e3o\n\t\t<\/h2>\n\t\t\t\t<div class=\"elementor-element elementor-element-661c3b1 elementor-widget elementor-widget-text-editor\" data-id=\"661c3b1\" data-element_type=\"widget\" data-e-type=\"widget\" data-widget_type=\"text-editor.default\">\n\t\t\t\t<div class=\"elementor-widget-container\">\n\t\t\t\t\t\t\t\t\t<p>Conectar a Zona Leste ao futuro por meio de Internet, TV e Telefonia, valorizando a fam\u00edlia, a inclus\u00e3o digital e o desenvolvimento regional.<\/p>\t\t\t\t\t\t\t\t<\/div>\n\t\t\t\t<\/div>\n\t\t\t\t<\/div>\n\t\t\t\t\t<\/div>\n\t\t\t\t<\/div>\n\t\t\t\t<\/div>\n\t\t","protected":false},"excerpt":{"rendered":"<p>Nossa Hist\u00f3ria 16 anos apaixonados pela Zona Leste A JP Providers \u00e9 especializada em Internet Ultra Banda Larga na Zona Leste de S\u00e3o Paulo. Desde 2009, a JP \u00e9 100% voltada para atendimento ZL e foi a pioneira a fornecer acesso fibra \u00f3ptica com pre\u00e7o popular para milhares de moradores nos bairros da regi\u00e3o, entre [&hellip;]<\/p>\n","protected":false},"author":1,"featured_media":0,"parent":0,"menu_order":0,"comment_status":"closed","ping_status":"closed","template":"elementor_header_footer","meta":{"_acf_changed":false,"_vp_format_video_url":"","_vp_image_focal_point":[],"footnotes":""},"class_list":["post-495","page","type-page","status-publish","hentry"],"acf":[],"_links":{"self":[{"href":"https:\/\/portal.jpproviders.com.br\/index.php\/wp-json\/wp\/v2\/pages\/495","targetHints":{"allow":["GET"]}}],"collection":[{"href":"https:\/\/portal.jpproviders.com.br\/index.php\/wp-json\/wp\/v2\/pages"}],"about":[{"href":"https:\/\/portal.jpproviders.com.br\/index.php\/wp-json\/wp\/v2\/types\/page"}],"author":[{"embeddable":true,"href":"https:\/\/portal.jpproviders.com.br\/index.php\/wp-json\/wp\/v2\/users\/1"}],"replies":[{"embeddable":true,"href":"https:\/\/portal.jpproviders.com.br\/index.php\/wp-json\/wp\/v2\/comments?post=495"}],"version-history":[{"count":25,"href":"https:\/\/portal.jpproviders.com.br\/index.php\/wp-json\/wp\/v2\/pages\/495\/revisions"}],"predecessor-version":[{"id":555,"href":"https:\/\/portal.jpproviders.com.br\/index.php\/wp-json\/wp\/v2\/pages\/495\/revisions\/555"}],"wp:attachment":[{"href":"https:\/\/portal.jpproviders.com.br\/index.php\/wp-json\/wp\/v2\/media?parent=495"}],"curies":[{"name":"wp","href":"https:\/\/api.w.org\/{rel}","templated":true}]}}